{"id":50,"date":"2016-07-26T01:05:23","date_gmt":"2016-07-26T01:05:23","guid":{"rendered":"http:\/\/jardimdasevas.com.br\/site\/?page_id=50"},"modified":"2016-10-25T19:01:06","modified_gmt":"2016-10-25T19:01:06","slug":"quem-somos","status":"publish","type":"page","link":"http:\/\/jardimdasevas.com.br\/site\/?page_id=50","title":{"rendered":"Quem Somos"},"content":{"rendered":"<p>Estamos iniciando este canal \u00a0para todas as mulheres que est\u00e3o vivendo o \u00a0marcante momento de plenitude da maturidade. Os novos 50 anos. \u00a0Seja \u00a0p\u00fablico ou no quintal, somente um Jardim desperta lembran\u00e7as, \u00a0sentimentos e vis\u00f5es.\u00a0 Um Jardim \u00e9 sempre um \u00f3timo espa\u00e7o de reflex\u00e3o e \u00a0excelentes bate papos.<\/p>\n<p>As Flores\u00a0 juntamente com o seu significado dar\u00e3o voz a v\u00e1rias Evas neste espa\u00e7o. Desvendando\u00a0 este novo mundo, repleto de diversidade, cores e credos.<\/p>\n<p>O Jardim das Evas \u00e9 um canal com conte\u00fado dedicado para n\u00f3s mulheres fant\u00e1sticas e interessantes de 50 anos refer\u00eancia para as pr\u00f3ximas. \u00a0Pois o momento \u00e9 para ser festejado\u00a0 exclusivo da eleg\u00e2ncia e exuber\u00e2ncia. Falar de todas as experi\u00eancias \u00a0vividas e buscar novas.<\/p>\n<p>Conte\u00fado dedicado e especializado \u00a0sobre; Carreira, Vida, Moda, Sexo, Relacionamento, Lugares e Viagens.<\/p>\n<p>Estou curiosa, ou melhor, ansiosa, o que tem ou ter\u00e1 pra n\u00f3s agora? Ajude-nos a construir este Jardim. Aguardamos cr\u00edticas, sugest\u00f5es e principalmente a sua participa\u00e7\u00e3o.<\/p>\n<p>Ivanete Rodrigues- Diretora de Conte\u00fado.<\/p>\n<p><span style=\"color: #800000;\"><a style=\"color: #800000;\" href=\"mailto:contato@jardimdasevas.com.br\">contato@jardimdasevas.com.br<\/a><\/span><\/p>\n","protected":false},"excerpt":{"rendered":"<p>Estamos iniciando este canal \u00a0para todas as mulheres que est\u00e3o vivendo o \u00a0marcante momento de plenitude da maturidade. Os novos 50 anos. \u00a0Seja \u00a0p\u00fablico ou no quintal, somente um Jardim desperta lembran\u00e7as, \u00a0sentimentos e vis\u00f5es.\u00a0 Um Jardim \u00e9 sempre um \u00f3timo espa\u00e7o de reflex\u00e3o e \u00a0excelentes bate papos. As Flores\u00a0 juntamente com o seu significado [&hellip;]<\/p>\n","protected":false},"author":1,"featured_media":54,"parent":0,"menu_order":0,"comment_status":"closed","ping_status":"closed","template":"","meta":{"footnotes":""},"class_list":["post-50","page","type-page","status-publish","has-post-thumbnail","hentry","has-featured-image"],"_links":{"self":[{"href":"http:\/\/jardimdasevas.com.br\/site\/index.php?rest_route=\/wp\/v2\/pages\/50"}],"collection":[{"href":"http:\/\/jardimdasevas.com.br\/site\/index.php?rest_route=\/wp\/v2\/pages"}],"about":[{"href":"http:\/\/jardimdasevas.com.br\/site\/index.php?rest_route=\/wp\/v2\/types\/page"}],"author":[{"embeddable":true,"href":"http:\/\/jardimdasevas.com.br\/site\/index.php?rest_route=\/wp\/v2\/users\/1"}],"replies":[{"embeddable":true,"href":"http:\/\/jardimdasevas.com.br\/site\/index.php?rest_route=%2Fwp%2Fv2%2Fcomments&post=50"}],"version-history":[{"count":5,"href":"http:\/\/jardimdasevas.com.br\/site\/index.php?rest_route=\/wp\/v2\/pages\/50\/revisions"}],"predecessor-version":[{"id":130,"href":"http:\/\/jardimdasevas.com.br\/site\/index.php?rest_route=\/wp\/v2\/pages\/50\/revisions\/130"}],"wp:featuredmedia":[{"embeddable":true,"href":"http:\/\/jardimdasevas.com.br\/site\/index.php?rest_route=\/wp\/v2\/media\/54"}],"wp:attachment":[{"href":"http:\/\/jardimdasevas.com.br\/site\/index.php?rest_route=%2Fwp%2Fv2%2Fmedia&parent=50"}],"curies":[{"name":"wp","href":"https:\/\/api.w.org\/{rel}","templated":true}]}}